{"id":1407,"date":"2018-09-13T13:21:13","date_gmt":"2018-09-13T10:21:13","guid":{"rendered":"https:\/\/www.mixflooring.com\/montaj\/"},"modified":"2025-02-21T14:51:23","modified_gmt":"2025-02-21T12:51:23","slug":"montaj-2","status":"publish","type":"page","link":"https:\/\/www.mixflooring.com\/ro\/montaj-2\/","title":{"rendered":"Montaj"},"content":{"rendered":"<p>[et_pb_section fb_built=&#8221;1&#8243; _builder_version=&#8221;4.16&#8243; background_image=&#8221;https:\/\/www.mixflooring.com\/wp-content\/uploads\/2018\/09\/montaj-image-1.jpg&#8221; global_colors_info=&#8221;{}&#8221;][et_pb_row _builder_version=&#8221;4.16&#8243; background_size=&#8221;initial&#8221; background_position=&#8221;top_left&#8221; background_repeat=&#8221;repeat&#8221; global_colors_info=&#8221;{}&#8221;][et_pb_column type=&#8221;4_4&#8243; _builder_version=&#8221;4.16&#8243; custom_padding=&#8221;|||&#8221; global_colors_info=&#8221;{}&#8221; custom_padding__hover=&#8221;|||&#8221;][et_pb_text module_class=&#8221;montaj-h1&#8243; _builder_version=&#8221;4.24.0&#8243; global_colors_info=&#8221;{}&#8221;]<\/p>\n<h1 style=\"text-align: center;\">Pardoseal\u0103 cu absorb\u021bie a \u0219ocurilor<br \/>MONTAJ<\/h1>\n<p>[\/et_pb_text][\/et_pb_column][\/et_pb_row][\/et_pb_section][et_pb_section fb_built=&#8221;1&#8243; _builder_version=&#8221;4.16&#8243; custom_padding=&#8221;0|0px|54px|0|false|false&#8221; global_colors_info=&#8221;{}&#8221;][et_pb_row _builder_version=&#8221;4.16&#8243; background_size=&#8221;initial&#8221; background_position=&#8221;top_left&#8221; background_repeat=&#8221;repeat&#8221; global_colors_info=&#8221;{}&#8221;][et_pb_column type=&#8221;4_4&#8243; _builder_version=&#8221;4.16&#8243; custom_padding=&#8221;|||&#8221; global_colors_info=&#8221;{}&#8221; custom_padding__hover=&#8221;|||&#8221;][et_pb_text _builder_version=&#8221;4.24.0&#8243; global_colors_info=&#8221;{}&#8221;]<\/p>\n<p>Pl\u0103cile de cauciuc m\u0103soar\u0103 400 x 400 mm. si grosimi diferite in functie de scopul lor. Acest lucru ar trebui s\u0103 fie luat \u00een considerare la proiectarea \u0219i implementarea unui anumit proiect pentru a reduce costurile de instalare.<\/p>\n<p>&nbsp;<\/p>\n<h2>1. Preg\u0103tirea terenului<\/h2>\n<p>Se recomand\u0103 utilizarea unor speciali\u0219ti califica\u021bi pentru a efectua o inspec\u021bie preliminar\u0103, precum \u0219i pentru a a\u0219eza pardoseala, \u00een conformitate cu cerin\u021bele pentru instalarea pardoselilor din cauciuc.<\/p>\n<p>\u00cenainte de a\u0219ezarea podelei de cauciuc, baza de beton a \u0219antierului trebuie verificat\u0103 \u00een consecin\u021b\u0103 &#8211; dac\u0103 exist\u0103 ap\u0103 subteran\u0103 sc\u0103zut\u0103 \u0219i, \u00een consecin\u021b\u0103, dac\u0103 exist\u0103 &#8211; instalarea izola\u021biei cu membran\u0103.Se recomand\u0103 ca podeaua s\u0103 fie tivit\u0103 pe toate p\u0103r\u021bile \u00een timpul realiz\u0103rii. Este posibil s\u0103 faci a\u0219a-numitul beton sau alt pat cu grosimea pavajului. Se urm\u0103re\u0219te evitarea diferen\u021belor de nivel ale suprafe\u021belor pavajelor \u0219i o trecere lin\u0103 de la un tip de pavaj la altul.<\/p>\n<p>Baza pe care va fi a\u0219ezat\u0103 pardoseala din cauciuc trebuie s\u0103 fie suficient de plat\u0103 \u0219i lipsit\u0103 de rugozitate, fisuri \u0219i praf. Trebuie acordat\u0103 aten\u021bie \u00eendep\u0103rt\u0103rii \u00een timp util a particulelor mici &#8211; nisip, pietricele,sticl\u0103 \u0219i <br \/>altele pe baz\u0103, cur\u0103\u021b\u00e2ndu-le bine \u0219i, dac\u0103 este necesar, f\u0103c\u00e2nd o \u0219ap\u0103 suplimentar\u0103 de ciment.<\/p>\n<p>Principalele motive care duc la decojirea \u0219i ridicarea podelei din cauciuc sunt o baz\u0103 slab\u0103 \u0219i de proast\u0103 calitate din cauza umidit\u0103\u021bii ridicate de peste 4%, a temperaturii sc\u0103zute sub 5 \u00b0C, precum \u0219i a temperaturii ridicate peste 30 \u00b0C.<\/p>\n<p>La a\u0219ezarea podelei din cauciuc, temperatura \u0219i umiditatea bazei trebuie s\u0103 \u00eendeplineasc\u0103 urm\u0103toarele cerin\u021be, dac\u0103 este necesar s\u0103 se preg\u0103teasc\u0103 baza \u00een mod corespunz\u0103tor: \u2022 temperatura ambiant\u0103 nu trebuie s\u0103 fie sub 10 \u00b0C, iar temperatura bazei nu trebuie s\u0103 fie sub 5 \u00b0C sau 30 \u00b0C; \u2022 umiditatea aerului trebuie s\u0103 fie \u00eentre 55-65%, umiditatea bazei m\u0103surat\u0103 \u00een ad\u00e2ncime nu trebuie s\u0103 dep\u0103\u0219easc\u0103 4%; Compania nu este responsabil\u0103 pentru nerespectarea instruc\u021biunilor de instalare, din cauza absorb\u021biei de umiditate \u0219i a eliber\u0103rii de umiditate din suport sau \u0219ap\u0103 slab\u0103 din material necorespunz\u0103tor cu aderen\u021b\u0103 slab\u0103 la substrat, precum \u0219i pentru defectele datorate aplic\u0103rii incorecte a sistemul adeziv.<\/p>\n<p>[\/et_pb_text][et_pb_text _builder_version=&#8221;4.17.1&#8243; global_colors_info=&#8221;{}&#8221;]<\/p>\n<h2><\/h2>\n<h2>2. A\u0219ezare cu lipici<\/h2>\n<p>Op\u021biunea mai bun\u0103 este prin lipire. Aici, baza trebuie s\u0103 fie tare \u0219i neted\u0103 (beton, asfalt, lemn etc.). Scopul netezirii este de a reduce cantitatea de lipici folosit\u0103 \u0219i de a asigura o leg\u0103tur\u0103 mai puternic\u0103 (f\u0103r\u0103 proeminen\u021be, v\u00e2rfuri proeminente, ad\u00e2ncituri etc.).<\/p>\n<p>A\u0219ezarea pardoselii trebuie f\u0103cut\u0103 pe o baz\u0103 bine cur\u0103\u021bat\u0103 \u0219i uscat\u0103 \u0219i la o temperatur\u0103 a aerului peste 10 C. Se aplic\u0103 un strat sub\u021bire de lipici pe baz\u0103 (doar pentru a schimba culoarea bazei) \u0219i a\u0219ezarea pl\u0103cilor. \u00eencepe, \u00een care nu trebuie l\u0103sat\u0103 nicio \u00eembinare \u00eentre ele.<\/p>\n<p>Pl\u0103cile sunt a\u0219ezate str\u00e2ns una l\u00e2ng\u0103 alta, dac\u0103 este necesar, se pune o greutate pentru a se ata\u0219a mai bine de suprafa\u021ba betonului. Pl\u0103cile de cauciuc sunt plasate cu partea neted\u0103 \u0219i solid\u0103 deasupra, iar partea inferioar\u0103 nervur\u0103 a pl\u0103cii trebuie s\u0103 fac\u0103 aderen\u021ba sau leg\u0103tura dintre placa cu adeziv poliuretanic \u0219i suprafa\u021ba betonului. \u00cen timpul instal\u0103rii, pe l\u00e2ng\u0103 aderen\u021ba de jos, trebuie luat\u0103 \u00een considerare \u0219i aderen\u021ba de-a lungul marginii laterale a pardoselii.<\/p>\n<p style=\"text-align: center;\">\u00a0*lipiciul poate fi &#8222;pulverizat&#8221; pe baz\u0103*<\/p>\n<p>&nbsp;<\/p>\n<h2>2.1. Instruc\u021biuni pentru aplicarea lipiciului bicomponent<\/h2>\n<div><\/div>\n<div><\/div>\n<h3>Aplica\u021bie \u0219i beneficii:<\/h3>\n<p>Se aplic\u0103 pe o gam\u0103 larg\u0103 de materiale precum metale, lemn, piatr\u0103, beton, pardoseli din cauciuc, gresie, sticl\u0103, parchet \u0219i multe materiale sintetice precum poliester, polistiren expandat, PVC \u0219i altele. Inodor, f\u0103r\u0103 solven\u021bi, aderen\u021b\u0103 bun\u0103 la ambele materiale de lipire, inofensiv pentru oameni \u0219i mediu. Poate fi produs \u00een diferite culori.<\/p>\n<p>&nbsp;<\/p>\n<p><span style=\"color: #333333; font-size: 22px;\"><strong>Specifica\u021bii<\/strong>:<\/span><\/p>\n<p>Culoarea amestecului: crem<br \/>consistenta: lichida<br \/>iar la aprindere: 200C<br \/>Timp deschis: 1 or\u0103 la 20C<br \/>Durata practic\u0103 de utilizare: 40-45 min la 20C, 25-30 min la 30C<br \/>Temperatura in timpul utilizarii: de la +10 la +30C<br \/>Consum: 700 p\u00e2n\u0103 la 1000 g\/m2 \u00een func\u021bie de netezimea bazei<br \/>Rezistenta mecanica de intarire: 12 ore<br \/>Rezistenta chimica: dupa 7 zile<br \/>Timp de \u00eengro\u0219are: 2<br \/>ore Timp de \u00eent\u0103rire: 4 \u2013 5 ore<\/p>\n<p>[\/et_pb_text][et_pb_text _builder_version=&#8221;4.24.0&#8243; global_colors_info=&#8221;{}&#8221;]<\/p>\n<h3>Depozitare:<\/h3>\n<p>1 an \u00een ambalaj \u00eenchis; \u00een \u00eenc\u0103peri uscate la o temperatur\u0103 peste 5 grade, iar \u00eent\u0103ritorul \u0219i r\u0103\u0219ina nu trebuie s\u0103 intre \u00een contact sub nicio form\u0103<\/p>\n<p>[\/et_pb_text][et_pb_image src=&#8221;\/wp-content\/uploads\/2018\/09\/lepila.jpg&#8221; align=&#8221;center&#8221; align_tablet=&#8221;center&#8221; align_phone=&#8221;center&#8221; align_last_edited=&#8221;on|desktop&#8221; _builder_version=&#8221;4.24.0&#8243; global_colors_info=&#8221;{}&#8221;]&nbsp;<br \/>\n[\/et_pb_image][et_pb_text _builder_version=&#8221;4.17.1&#8243; global_colors_info=&#8221;{}&#8221;]<\/p>\n<h2><\/h2>\n<h2><\/h2>\n<h2>3. Mod de utilizare:<\/h2>\n<p>&nbsp;<\/p>\n<h3>Preg\u0103tirea lipiciului:<\/h3>\n<p>Cu ajutorul unui mixer electric, componenta A este mai \u00eent\u00e2i amestecat\u0103 \u00eentr-un amestec omogen uniform, apoi se adaug\u0103 la acesta componenta B \u0219i se amestec\u0103 p\u00e2n\u0103 se ob\u021bine o mas\u0103 omogen\u0103 uniform\u0103.<\/p>\n<p>&nbsp;<\/p>\n<h3>Aplicarea lipiciului:<\/h3>\n<p>1.Lipiciul se intinde pe suprafata bazei si cu ajutorul unei mistrii (partea neteda) se netezeste intr-un strat foarte sub\u021bire \u0219i pl\u0103cile \u00eencep s\u0103 fie stivuite, f\u0103r\u0103 a l\u0103sa rost \u00eentre ele. Pl\u0103cile sunt a\u0219ezate str\u00e2ns una l\u00e2ng\u0103 alta, dac\u0103 este necesar, se pune o greutate pentru a se ata\u0219a mai bine de suprafa\u021ba betonul. \u00cen timpul montajului, pe l\u00e2ng\u0103 lipirea de dedesubt, poate exista \u0219i lipire de-a lungul p\u0103r\u021bii laterale a podelei.<\/p>\n<p><span style=\"font-size: 16px;\">2. Lipiciul poate fi aplicat pe placa de cauciuc \u0219i apoi a\u0219ezat pe baz\u0103.<\/span><\/p>\n<p>3.Lipiciul poate fi pulverizat pe baz\u0103.<\/p>\n<p>&nbsp;<\/p>\n<p>[\/et_pb_text][et_pb_image src=&#8221;\/wp-content\/uploads\/2018\/09\/kauchukuva-nastilka.jpg&#8221; align=&#8221;center&#8221; align_tablet=&#8221;center&#8221; align_phone=&#8221;center&#8221; align_last_edited=&#8221;on|desktop&#8221; _builder_version=&#8221;4.16&#8243; global_colors_info=&#8221;{}&#8221;]&nbsp;<br \/>\n[\/et_pb_image][et_pb_text _builder_version=&#8221;4.17.1&#8243; global_colors_info=&#8221;{}&#8221;]<\/p>\n<h2><\/h2>\n<h2><\/h2>\n<h2><\/h2>\n<h2>4. Suport<\/h2>\n<p>Baza trebuie s\u0103 aib\u0103 o pant\u0103 de 1-2 grade pentru a evita re\u021binerea apei, b\u0103l\u021bile etc. Site-ul trebuie utilizat numai \u0219i numai \u00een scopul propus, doar cu persoanele pentru care se dore\u0219te a fi admis, iar \u00een toate celelalte cazuri, trebuie respectat un control strict cu privire la admiterea obiectelor ascu\u021bite, inclusiv pantofii cu v\u00e2rful ascu\u021bit. sau c\u0103lc\u00e2i, precum \u0219i intrarea animalelor. Prevenirea p\u0103trunderii substan\u021belor chimice \u0219i substan\u021belor chimice u\u0219oare care perturb\u0103 suprafa\u021ba pavajului.<\/p>\n<p>&nbsp;<\/p>\n<p>[\/et_pb_text][et_pb_image src=&#8221;https:\/\/www.mixflooring.com\/wp-content\/uploads\/2018\/09\/img-3.jpg&#8221; align=&#8221;center&#8221; align_tablet=&#8221;center&#8221; align_phone=&#8221;center&#8221; align_last_edited=&#8221;on|desktop&#8221; _builder_version=&#8221;4.16&#8243; global_colors_info=&#8221;{}&#8221;]&nbsp;<br \/>\n[\/et_pb_image][et_pb_image src=&#8221;https:\/\/www.mixflooring.com\/wp-content\/uploads\/2018\/09\/udaropogluhstashta-nastilka.jpg&#8221; align=&#8221;center&#8221; align_tablet=&#8221;center&#8221; align_phone=&#8221;center&#8221; align_last_edited=&#8221;on|desktop&#8221; _builder_version=&#8221;4.16&#8243; global_colors_info=&#8221;{}&#8221;]&nbsp;<br \/>\n[\/et_pb_image][\/et_pb_column][\/et_pb_row][\/et_pb_section]<\/p>\n","protected":false},"excerpt":{"rendered":"<p>Pardoseal\u0103 cu absorb\u021bie a \u0219ocurilorMONTAJPl\u0103cile de cauciuc m\u0103soar\u0103 400 x 400 mm. si grosimi diferite in functie de scopul lor. Acest lucru ar trebui s\u0103 fie luat \u00een considerare la proiectarea \u0219i implementarea unui anumit proiect pentru a reduce costurile de instalare. &nbsp; 1. Preg\u0103tirea terenului Se recomand\u0103 utilizarea unor speciali\u0219ti califica\u021bi pentru a efectua [&hellip;]<\/p>\n","protected":false},"author":1,"featured_media":0,"parent":0,"menu_order":0,"comment_status":"closed","ping_status":"closed","template":"","meta":{"_et_pb_use_builder":"on","_et_pb_old_content":"","_et_gb_content_width":"","footnotes":""},"class_list":["post-1407","page","type-page","status-publish","hentry"],"aioseo_notices":[],"_links":{"self":[{"href":"https:\/\/www.mixflooring.com\/ro\/wp-json\/wp\/v2\/pages\/1407","targetHints":{"allow":["GET"]}}],"collection":[{"href":"https:\/\/www.mixflooring.com\/ro\/wp-json\/wp\/v2\/pages"}],"about":[{"href":"https:\/\/www.mixflooring.com\/ro\/wp-json\/wp\/v2\/types\/page"}],"author":[{"embeddable":true,"href":"https:\/\/www.mixflooring.com\/ro\/wp-json\/wp\/v2\/users\/1"}],"replies":[{"embeddable":true,"href":"https:\/\/www.mixflooring.com\/ro\/wp-json\/wp\/v2\/comments?post=1407"}],"version-history":[{"count":10,"href":"https:\/\/www.mixflooring.com\/ro\/wp-json\/wp\/v2\/pages\/1407\/revisions"}],"predecessor-version":[{"id":3160,"href":"https:\/\/www.mixflooring.com\/ro\/wp-json\/wp\/v2\/pages\/1407\/revisions\/3160"}],"wp:attachment":[{"href":"https:\/\/www.mixflooring.com\/ro\/wp-json\/wp\/v2\/media?parent=1407"}],"curies":[{"name":"wp","href":"https:\/\/api.w.org\/{rel}","templated":true}]}}