{"id":1423,"date":"2019-06-20T10:59:58","date_gmt":"2019-06-20T07:59:58","guid":{"rendered":"https:\/\/www.mixflooring.com\/uslugi\/"},"modified":"2025-02-21T14:44:55","modified_gmt":"2025-02-21T12:44:55","slug":"uslugi-2","status":"publish","type":"page","link":"https:\/\/www.mixflooring.com\/ro\/uslugi-2\/","title":{"rendered":"Servicii"},"content":{"rendered":"<p>[et_pb_section fb_built=&#8221;1&#8243; _builder_version=&#8221;4.24.0&#8243; background_color=&#8221;rgba(0,0,0,0.33)&#8221; background_image=&#8221;https:\/\/www.mixflooring.com\/wp-content\/uploads\/2024\/02\/uslugi-new.jpg&#8221; background_position=&#8221;bottom_left&#8221; background_blend=&#8221;multiply&#8221; global_colors_info=&#8221;{}&#8221;][et_pb_row _builder_version=&#8221;4.16&#8243; background_size=&#8221;initial&#8221; background_position=&#8221;top_left&#8221; background_repeat=&#8221;repeat&#8221; global_colors_info=&#8221;{}&#8221;][et_pb_column type=&#8221;4_4&#8243; _builder_version=&#8221;4.16&#8243; custom_padding=&#8221;|||&#8221; global_colors_info=&#8221;{}&#8221; custom_padding__hover=&#8221;|||&#8221;][et_pb_text _builder_version=&#8221;4.24.0&#8243; hover_enabled=&#8221;0&#8243; global_colors_info=&#8221;{}&#8221; sticky_enabled=&#8221;0&#8243;]<\/p>\n<h2 style=\"text-align: center; color: #fff; font-size: 30px;\">SERVICII<\/h2>\n<p>[\/et_pb_text][\/et_pb_column][\/et_pb_row][\/et_pb_section][et_pb_section fb_built=&#8221;1&#8243; _builder_version=&#8221;4.16&#8243; global_colors_info=&#8221;{}&#8221;][et_pb_row column_structure=&#8221;2_3,1_3&#8243; _builder_version=&#8221;4.16&#8243; background_size=&#8221;initial&#8221; background_position=&#8221;top_left&#8221; background_repeat=&#8221;repeat&#8221; global_colors_info=&#8221;{}&#8221;][et_pb_column type=&#8221;2_3&#8243; _builder_version=&#8221;4.16&#8243; custom_padding=&#8221;|||&#8221; global_colors_info=&#8221;{}&#8221; custom_padding__hover=&#8221;|||&#8221;][et_pb_text _builder_version=&#8221;4.24.0&#8243; hover_enabled=&#8221;0&#8243; global_colors_info=&#8221;{}&#8221; sticky_enabled=&#8221;0&#8243;]<\/p>\n<p>Datorit\u0103 structurii sale flexibile, antren\u00e2ndu-te pe un obiect realizat cu pardoseala pe care o oferim, vei preveni oboseala muscular\u0103 precoce \u0219i vei prelungi timpul activ. Produsele noastre sunt utilizate \u00een:<\/p>\n<ul>\n<li>Terenuri de sport polivalente \u00een aer liber \u0219i interior<\/li>\n<li>S\u0103li de sport \u0219i saloane<\/li>\n<li>Locuri de joaca pentru copii<\/li>\n<li>Bazine de \u00eenot<\/li>\n<li>Al\u021bii<\/li>\n<\/ul>\n<p>[\/et_pb_text][\/et_pb_column][et_pb_column type=&#8221;1_3&#8243; _builder_version=&#8221;4.16&#8243; custom_padding=&#8221;|||&#8221; global_colors_info=&#8221;{}&#8221; custom_padding__hover=&#8221;|||&#8221;][et_pb_image src=&#8221;https:\/\/www.mixflooring.com\/wp-content\/uploads\/2019\/06\/Samorazlivna-1.jpeg&#8221; show_in_lightbox=&#8221;on&#8221; align_tablet=&#8221;center&#8221; align_phone=&#8221;center&#8221; align_last_edited=&#8221;on|desktop&#8221; _builder_version=&#8221;4.16&#8243; global_colors_info=&#8221;{}&#8221;][\/et_pb_image][\/et_pb_column][\/et_pb_row][et_pb_row column_structure=&#8221;1_3,2_3&#8243; _builder_version=&#8221;4.16&#8243; background_size=&#8221;initial&#8221; background_position=&#8221;top_left&#8221; background_repeat=&#8221;repeat&#8221; global_colors_info=&#8221;{}&#8221;][et_pb_column type=&#8221;1_3&#8243; _builder_version=&#8221;4.16&#8243; custom_padding=&#8221;|||&#8221; global_colors_info=&#8221;{}&#8221; custom_padding__hover=&#8221;|||&#8221;][et_pb_image src=&#8221;https:\/\/www.mixflooring.com\/wp-content\/uploads\/2019\/06\/Samorazlivna-3.jpeg&#8221; show_in_lightbox=&#8221;on&#8221; align_tablet=&#8221;center&#8221; align_phone=&#8221;center&#8221; align_last_edited=&#8221;on|desktop&#8221; _builder_version=&#8221;4.16&#8243; global_colors_info=&#8221;{}&#8221;][\/et_pb_image][\/et_pb_column][et_pb_column type=&#8221;2_3&#8243; _builder_version=&#8221;4.16&#8243; custom_padding=&#8221;|||&#8221; global_colors_info=&#8221;{}&#8221; custom_padding__hover=&#8221;|||&#8221;][et_pb_text _builder_version=&#8221;4.24.0&#8243; hover_enabled=&#8221;0&#8243; global_colors_info=&#8221;{}&#8221; sticky_enabled=&#8221;0&#8243;]<\/p>\n<p><strong><span style=\"text-decoration: underline;\">MixGround <\/span><\/strong>sus\u021bine opinia c\u0103 descoperirea de noi tehnologii \u0219i men\u021binerea standardelor moderne ar trebui s\u0103 fie sarcina principal\u0103 a oric\u0103rei companii angajate \u00een acest tip de activitate. De aceea ne str\u0103duim s\u0103 fim inovatori, oferind angaja\u021bilor instruire de \u00eenalt\u0103 calificare, lucr\u00e2nd cu ma\u0219ini modernizate \u0219i pun\u00e2nd energie \u00een dezvoltarea unor metode noi \u0219i diferite de produc\u021bie \u0219i mecanizare. Este o mare pl\u0103cere pentru noi s\u0103 vedem c\u00e2t de distractive se \u00eembin\u0103 jocurile pentru copii cu siguran\u021b\u0103 maxim\u0103.<\/p>\n<p>[\/et_pb_text][\/et_pb_column][\/et_pb_row][et_pb_row _builder_version=&#8221;4.16&#8243; background_size=&#8221;initial&#8221; background_position=&#8221;top_left&#8221; background_repeat=&#8221;repeat&#8221; global_colors_info=&#8221;{}&#8221;][et_pb_column type=&#8221;4_4&#8243; _builder_version=&#8221;4.16&#8243; custom_padding=&#8221;|||&#8221; global_colors_info=&#8221;{}&#8221; custom_padding__hover=&#8221;|||&#8221;][et_pb_text _builder_version=&#8221;4.16&#8243; global_colors_info=&#8221;{}&#8221;]<\/p>\n<h1 style=\"text-align: center;\">Pardoseala turnat\u0103<\/h1>\n<p>[\/et_pb_text][\/et_pb_column][\/et_pb_row][et_pb_row column_structure=&#8221;2_3,1_3&#8243; _builder_version=&#8221;4.16&#8243; background_size=&#8221;initial&#8221; background_position=&#8221;top_left&#8221; background_repeat=&#8221;repeat&#8221; global_colors_info=&#8221;{}&#8221;][et_pb_column type=&#8221;2_3&#8243; _builder_version=&#8221;4.16&#8243; custom_padding=&#8221;|||&#8221; global_colors_info=&#8221;{}&#8221; custom_padding__hover=&#8221;|||&#8221;][et_pb_text _builder_version=&#8221;4.24.0&#8243; hover_enabled=&#8221;0&#8243; global_colors_info=&#8221;{}&#8221; sticky_enabled=&#8221;0&#8243;]<\/p>\n<p>Pardoseala turnat\u0103 pe loc este o mas\u0103 omogen\u0103 de granule de cauciuc lipite care este amestecat\u0103 la fa\u021ba locului \u0219i turnat\u0103 peste o baz\u0103 adecvat\u0103 existent\u0103 sau pe o baz\u0103 special preg\u0103tit\u0103 pentru a oferi o suprafa\u021b\u0103 continu\u0103, uniform\u0103, f\u0103r\u0103 rosturi \u0219i \u201ecus\u0103turi\u201d. Protejeaz\u0103 copiii de r\u0103ni \u00een timpul jocului. Este aplicabil pe scar\u0103 larg\u0103 \u00een construc\u021bia de locuri de joac\u0103, terenuri de sport, locuri de joac\u0103 \u00een \u0219coli \u0219i gr\u0103dini\u021be etc.<\/p>\n<p>[\/et_pb_text][\/et_pb_column][et_pb_column type=&#8221;1_3&#8243; _builder_version=&#8221;4.16&#8243; custom_padding=&#8221;|||&#8221; global_colors_info=&#8221;{}&#8221; custom_padding__hover=&#8221;|||&#8221;][et_pb_image src=&#8221;https:\/\/www.mixflooring.com\/wp-content\/uploads\/2024\/02\/20.jpg&#8221; title_text=&#8221;20&#8243; show_in_lightbox=&#8221;on&#8221; align_tablet=&#8221;center&#8221; align_phone=&#8221;center&#8221; align_last_edited=&#8221;on|desktop&#8221; _builder_version=&#8221;4.24.0&#8243; global_colors_info=&#8221;{}&#8221;][\/et_pb_image][\/et_pb_column][\/et_pb_row][et_pb_row column_structure=&#8221;1_3,2_3&#8243; _builder_version=&#8221;4.16&#8243; background_size=&#8221;initial&#8221; background_position=&#8221;top_left&#8221; background_repeat=&#8221;repeat&#8221; global_colors_info=&#8221;{}&#8221;][et_pb_column type=&#8221;1_3&#8243; _builder_version=&#8221;4.16&#8243; custom_padding=&#8221;|||&#8221; global_colors_info=&#8221;{}&#8221; custom_padding__hover=&#8221;|||&#8221;][et_pb_image src=&#8221;https:\/\/www.mixflooring.com\/wp-content\/uploads\/2024\/02\/DJI_0125.jpg&#8221; title_text=&#8221;DJI_0125&#8243; show_in_lightbox=&#8221;on&#8221; align_tablet=&#8221;center&#8221; align_phone=&#8221;center&#8221; align_last_edited=&#8221;on|desktop&#8221; _builder_version=&#8221;4.24.0&#8243; global_colors_info=&#8221;{}&#8221;][\/et_pb_image][\/et_pb_column][et_pb_column type=&#8221;2_3&#8243; _builder_version=&#8221;4.16&#8243; custom_padding=&#8221;|||&#8221; global_colors_info=&#8221;{}&#8221; custom_padding__hover=&#8221;|||&#8221;][et_pb_text _builder_version=&#8221;4.16&#8243; global_colors_info=&#8221;{}&#8221;]<\/p>\n<p>Anvelopele vechi reciclate ecologic (SBR Stiren-Butadiene Cauciuc) sunt incluse \u00een amestecurile de podea. Exist\u0103 o alt\u0103 modalitate de a produce pardoseli care absorb \u0219ocuri &#8211; EPDM (Ethylene Propylene Diene Monomer). Cu EPDM se poate realiza designul dorit, din punct de vedere al culorii.<\/p>\n<p>[\/et_pb_text][\/et_pb_column][\/et_pb_row][et_pb_row column_structure=&#8221;2_3,1_3&#8243; _builder_version=&#8221;4.16&#8243; background_size=&#8221;initial&#8221; background_position=&#8221;top_left&#8221; background_repeat=&#8221;repeat&#8221; global_colors_info=&#8221;{}&#8221;][et_pb_column type=&#8221;2_3&#8243; _builder_version=&#8221;4.16&#8243; custom_padding=&#8221;|||&#8221; global_colors_info=&#8221;{}&#8221; custom_padding__hover=&#8221;|||&#8221;][et_pb_text _builder_version=&#8221;4.16&#8243; global_colors_info=&#8221;{}&#8221;]<\/p>\n<p>Pardoseala din cauciuc cu absorb\u021bie a \u0219ocurilor este mult mai u\u0219or de cur\u0103\u021bat \u0219i \u00eentre\u021binut dec\u00e2t alte tipuri de pardoseal\u0103. Deseori g\u0103sim locuri de joac\u0103 stropite cu nisip sau rumegu\u0219. Aceasta este o condi\u021bie prealabil\u0103 pentru dezvoltarea bacteriilor, deoarece aceste materiale atrag animalele, iar dezinfec\u021bia, \u00een acest caz, este relativ mai complicat\u0103. Cu podelele din cauciuc, aceast\u0103 problem\u0103 nu exist\u0103. Cur\u0103\u021barea se poate face at\u00e2t cu un jet puternic de ap\u0103, c\u00e2t \u0219i cu detergent \u0219i ap\u0103.<\/p>\n<p>[\/et_pb_text][\/et_pb_column][et_pb_column type=&#8221;1_3&#8243; _builder_version=&#8221;4.16&#8243; custom_padding=&#8221;|||&#8221; global_colors_info=&#8221;{}&#8221; custom_padding__hover=&#8221;|||&#8221;][et_pb_image src=&#8221;https:\/\/www.mixflooring.com\/wp-content\/uploads\/2024\/02\/21.jpg&#8221; title_text=&#8221;21&#8243; show_in_lightbox=&#8221;on&#8221; align_tablet=&#8221;center&#8221; align_phone=&#8221;center&#8221; align_last_edited=&#8221;on|desktop&#8221; _builder_version=&#8221;4.24.0&#8243; global_colors_info=&#8221;{}&#8221;][\/et_pb_image][\/et_pb_column][\/et_pb_row][et_pb_row column_structure=&#8221;1_3,2_3&#8243; _builder_version=&#8221;4.16&#8243; background_size=&#8221;initial&#8221; background_position=&#8221;top_left&#8221; background_repeat=&#8221;repeat&#8221; global_colors_info=&#8221;{}&#8221;][et_pb_column type=&#8221;1_3&#8243; _builder_version=&#8221;4.16&#8243; custom_padding=&#8221;|||&#8221; global_colors_info=&#8221;{}&#8221; custom_padding__hover=&#8221;|||&#8221;][et_pb_image src=&#8221;https:\/\/www.mixflooring.com\/wp-content\/uploads\/2024\/02\/22.jpg&#8221; title_text=&#8221;22&#8243; show_in_lightbox=&#8221;on&#8221; align_tablet=&#8221;center&#8221; align_phone=&#8221;center&#8221; align_last_edited=&#8221;on|desktop&#8221; _builder_version=&#8221;4.24.0&#8243; global_colors_info=&#8221;{}&#8221;][\/et_pb_image][\/et_pb_column][et_pb_column type=&#8221;2_3&#8243; _builder_version=&#8221;4.16&#8243; custom_padding=&#8221;|||&#8221; global_colors_info=&#8221;{}&#8221; custom_padding__hover=&#8221;|||&#8221;][et_pb_text _builder_version=&#8221;4.24.0&#8243; hover_enabled=&#8221;0&#8243; global_colors_info=&#8221;{}&#8221; sticky_enabled=&#8221;0&#8243;]<strong>MixGround,<\/strong> v\u0103 ofer\u0103 o pardoseal\u0103 autonivelant\u0103 care \u00eendepline\u0219te standardele europene \u00eenalte, precum \u0219i respect\u0103 Ordonan\u021ba nr. 1 din ianuarie 2009, privind termenii \u0219i condi\u021biile pentru amenajarea \u0219i siguran\u021ba locurilor de joac\u0103. veti gasi calitate, conform bugetului dumneavoastra.[\/et_pb_text][\/et_pb_column][\/et_pb_row][\/et_pb_section]<\/p>\n","protected":false},"excerpt":{"rendered":"<p>SERVICIIDatorit\u0103 structurii sale flexibile, antren\u00e2ndu-te pe un obiect realizat cu pardoseala pe care o oferim, vei preveni oboseala muscular\u0103 precoce \u0219i vei prelungi timpul activ. Produsele noastre sunt utilizate \u00een: Terenuri de sport polivalente \u00een aer liber \u0219i interior S\u0103li de sport \u0219i saloane Locuri de joaca pentru copii Bazine de \u00eenot Al\u021bii MixGround sus\u021bine [&hellip;]<\/p>\n","protected":false},"author":1,"featured_media":0,"parent":0,"menu_order":0,"comment_status":"closed","ping_status":"closed","template":"","meta":{"_et_pb_use_builder":"on","_et_pb_old_content":"","_et_gb_content_width":"","footnotes":""},"class_list":["post-1423","page","type-page","status-publish","hentry"],"aioseo_notices":[],"_links":{"self":[{"href":"https:\/\/www.mixflooring.com\/ro\/wp-json\/wp\/v2\/pages\/1423","targetHints":{"allow":["GET"]}}],"collection":[{"href":"https:\/\/www.mixflooring.com\/ro\/wp-json\/wp\/v2\/pages"}],"about":[{"href":"https:\/\/www.mixflooring.com\/ro\/wp-json\/wp\/v2\/types\/page"}],"author":[{"embeddable":true,"href":"https:\/\/www.mixflooring.com\/ro\/wp-json\/wp\/v2\/users\/1"}],"replies":[{"embeddable":true,"href":"https:\/\/www.mixflooring.com\/ro\/wp-json\/wp\/v2\/comments?post=1423"}],"version-history":[{"count":7,"href":"https:\/\/www.mixflooring.com\/ro\/wp-json\/wp\/v2\/pages\/1423\/revisions"}],"predecessor-version":[{"id":3151,"href":"https:\/\/www.mixflooring.com\/ro\/wp-json\/wp\/v2\/pages\/1423\/revisions\/3151"}],"wp:attachment":[{"href":"https:\/\/www.mixflooring.com\/ro\/wp-json\/wp\/v2\/media?parent=1423"}],"curies":[{"name":"wp","href":"https:\/\/api.w.org\/{rel}","templated":true}]}}