{"id":1429,"date":"2018-08-30T10:36:55","date_gmt":"2018-08-30T07:36:55","guid":{"rendered":"https:\/\/www.mixflooring.com\/obekti\/"},"modified":"2025-02-21T14:46:23","modified_gmt":"2025-02-21T12:46:23","slug":"obekti-2","status":"publish","type":"page","link":"https:\/\/www.mixflooring.com\/ro\/obekti-2\/","title":{"rendered":"Obiecte"},"content":{"rendered":"<p>[et_pb_section fb_built=&#8221;1&#8243; _builder_version=&#8221;4.16&#8243; custom_padding=&#8221;0|0px|54px|0px|false|false&#8221; global_colors_info=&#8221;{}&#8221;][et_pb_row _builder_version=&#8221;4.16&#8243; background_size=&#8221;initial&#8221; background_position=&#8221;top_left&#8221; background_repeat=&#8221;repeat&#8221; global_colors_info=&#8221;{}&#8221;][et_pb_column type=&#8221;4_4&#8243; _builder_version=&#8221;4.16&#8243; custom_padding=&#8221;|||&#8221; global_colors_info=&#8221;{}&#8221; custom_padding__hover=&#8221;|||&#8221;][et_pb_text _builder_version=&#8221;4.17.1&#8243; global_colors_info=&#8221;{}&#8221;]<\/p>\n<h1 style=\"text-align: center; color: #336666;\">Vizita\u021bi site-urile noastre<\/h1>\n<p>[\/et_pb_text][et_pb_text _builder_version=&#8221;4.24.0&#8243; _module_preset=&#8221;default&#8221; text_orientation=&#8221;center&#8221; global_colors_info=&#8221;{}&#8221;]<\/p>\n<p>Implement\u0103m a\u0219ezarea pardoselilor cu absorb\u021bie a \u0219ocurilor dup\u0103 o inspec\u021bie preliminar\u0103 de c\u0103tre echipa noastr\u0103 de speciali\u0219ti. Fiecare montaj de c\u0103tre noi este realizat conform standardului de a\u0219ezare a pardoselilor din cauciuc. Toat\u0103 pardoseala pe care o punem este produs\u0103 \u00een Bulgaria. Pardoseala cu absorb\u021bie a \u0219ocurilor este un nou tip de tehnologie care urm\u0103re\u0219te siguran\u021ba maxim\u0103 atunci c\u00e2nd se utilizeaz\u0103 facilit\u0103\u021bi pentru copii \u0219i sport. Pardoseala noastr\u0103 este utilizat\u0103 \u00een diverse facilit\u0103\u021bi, cum ar fi: piscine, zone de fitness stradale, locuri de joac\u0103, s\u0103li de sport \u0219i altele. Toate podelele noastre respect\u0103 standardele europene de calitate \u0219i Regulamentul 1 privind siguran\u021ba locurilor de joac\u0103.<\/p>\n<p>[\/et_pb_text][\/et_pb_column][\/et_pb_row][et_pb_row _builder_version=&#8221;4.24.0&#8243; background_size=&#8221;initial&#8221; background_position=&#8221;top_left&#8221; background_repeat=&#8221;repeat&#8221; width=&#8221;100%&#8221; custom_margin=&#8221;0px||0px||true|true&#8221; custom_padding=&#8221;0px|0px|0px|0px|true|true&#8221; global_colors_info=&#8221;{}&#8221;][et_pb_column type=&#8221;4_4&#8243; _builder_version=&#8221;4.16&#8243; custom_padding=&#8221;|||&#8221; global_colors_info=&#8221;{}&#8221; custom_padding__hover=&#8221;|||&#8221;][et_pb_portfolio fullwidth=&#8221;off&#8221; include_categories=&#8221;11&#8243; show_categories=&#8221;off&#8221; show_pagination=&#8221;off&#8221; zoom_icon_color=&#8221;#166573&#8243; _builder_version=&#8221;4.24.0&#8243; global_colors_info=&#8221;{}&#8221;][\/et_pb_portfolio][et_pb_text _builder_version=&#8221;4.24.0&#8243; _module_preset=&#8221;default&#8221; global_colors_info=&#8221;{}&#8221;]<\/p>\n<p>Noi, cei de la Mixflooring, avem o experien\u021b\u0103 deosebit de vast\u0103 \u00een instalarea de amortizoare \u0219i autonivelare. Putem asista la alegerea placajului pentru site-ul dvs., precum \u0219i la instalarea profesional\u0103. Ave\u021bi \u00eencredere \u00een experien\u021ba noastr\u0103 de mul\u021bi ani \u00een produc\u021bia \u0219i instalarea pardoselilor din cauciuc. Pe l\u00e2ng\u0103 pardoseala cu absorb\u021bie a \u0219ocurilor, oferim \u0219i instalarea de pardoseli autonivelante. Este amestecat la fa\u021ba locului \u0219i preg\u0103tit special pentru locul dat. Cu acest tip de c\u0103ptu\u0219eal\u0103, nu exist\u0103 lipituri \u0219i cus\u0103turi. Pute\u021bi citi despre procesul de instalare \u0219i mai multe informa\u021bii despre toate tipurile de pardoseli pe care le oferim aici. V\u0103 putem oferi asisten\u021ba \u00een cazul in care este nevoie de echipamente de \u0219antier precum: facilit\u0103\u021bi sportive, b\u0103nci, foi\u0219oare, tobogane, leag\u0103ne \u0219i altele. Pentru mai multe informa\u021bii despre produsele si serviciile pe care le oferim, ne pute\u021bi contacta la contactele indicate.<\/p>\n<p>[\/et_pb_text][\/et_pb_column][\/et_pb_row][\/et_pb_section]<\/p>\n","protected":false},"excerpt":{"rendered":"<p>Vizita\u021bi site-urile noastreImplement\u0103m a\u0219ezarea pardoselilor cu absorb\u021bie a \u0219ocurilor dup\u0103 o inspec\u021bie preliminar\u0103 de c\u0103tre echipa noastr\u0103 de speciali\u0219ti. Fiecare montaj de c\u0103tre noi este realizat conform standardului de a\u0219ezare a pardoselilor din cauciuc. Toat\u0103 pardoseala pe care o punem este produs\u0103 \u00een Bulgaria. Pardoseala cu absorb\u021bie a \u0219ocurilor este un nou tip de tehnologie [&hellip;]<\/p>\n","protected":false},"author":1,"featured_media":0,"parent":0,"menu_order":0,"comment_status":"closed","ping_status":"closed","template":"","meta":{"_et_pb_use_builder":"on","_et_pb_old_content":"","_et_gb_content_width":"","footnotes":""},"class_list":["post-1429","page","type-page","status-publish","hentry"],"aioseo_notices":[],"_links":{"self":[{"href":"https:\/\/www.mixflooring.com\/ro\/wp-json\/wp\/v2\/pages\/1429","targetHints":{"allow":["GET"]}}],"collection":[{"href":"https:\/\/www.mixflooring.com\/ro\/wp-json\/wp\/v2\/pages"}],"about":[{"href":"https:\/\/www.mixflooring.com\/ro\/wp-json\/wp\/v2\/types\/page"}],"author":[{"embeddable":true,"href":"https:\/\/www.mixflooring.com\/ro\/wp-json\/wp\/v2\/users\/1"}],"replies":[{"embeddable":true,"href":"https:\/\/www.mixflooring.com\/ro\/wp-json\/wp\/v2\/comments?post=1429"}],"version-history":[{"count":10,"href":"https:\/\/www.mixflooring.com\/ro\/wp-json\/wp\/v2\/pages\/1429\/revisions"}],"predecessor-version":[{"id":3154,"href":"https:\/\/www.mixflooring.com\/ro\/wp-json\/wp\/v2\/pages\/1429\/revisions\/3154"}],"wp:attachment":[{"href":"https:\/\/www.mixflooring.com\/ro\/wp-json\/wp\/v2\/media?parent=1429"}],"curies":[{"name":"wp","href":"https:\/\/api.w.org\/{rel}","templated":true}]}}