{"id":1434,"date":"2018-08-20T11:41:48","date_gmt":"2018-08-20T08:41:48","guid":{"rendered":"https:\/\/www.mixflooring.com\/za-nas\/"},"modified":"2025-02-21T14:46:59","modified_gmt":"2025-02-21T12:46:59","slug":"za-nas","status":"publish","type":"page","link":"https:\/\/www.mixflooring.com\/ro\/za-nas\/","title":{"rendered":"Despre noi"},"content":{"rendered":"<p>[et_pb_section fb_built=&#8221;1&#8243; _builder_version=&#8221;4.16&#8243; background_image=&#8221;https:\/\/www.mixflooring.com\/wp-content\/uploads\/2018\/09\/about-us.jpg&#8221; custom_padding=&#8221;77px|0px|78px|0px|false|false&#8221; global_colors_info=&#8221;{}&#8221;][et_pb_row _builder_version=&#8221;4.16&#8243; background_size=&#8221;initial&#8221; background_position=&#8221;top_left&#8221; background_repeat=&#8221;repeat&#8221; global_colors_info=&#8221;{}&#8221;][et_pb_column type=&#8221;4_4&#8243; _builder_version=&#8221;4.16&#8243; custom_padding=&#8221;|||&#8221; global_colors_info=&#8221;{}&#8221; custom_padding__hover=&#8221;|||&#8221;][et_pb_text _builder_version=&#8221;4.16&#8243; global_colors_info=&#8221;{}&#8221;]<\/p>\n<h1 style=\"text-align: center; color: #fff;\">Mix Ground Bulgaria &#8211; Pardoseal\u0103 din cauciuc cu absorb\u021bie a \u0219ocurilor<\/h1>\n<p>[\/et_pb_text][\/et_pb_column][\/et_pb_row][\/et_pb_section][et_pb_section fb_built=&#8221;1&#8243; _builder_version=&#8221;4.16&#8243; custom_padding=&#8221;29px|0px|20px|0px|false|false&#8221; global_colors_info=&#8221;{}&#8221;][et_pb_row _builder_version=&#8221;4.16&#8243; custom_padding=&#8221;0|0px|27px|0px|false|false&#8221; global_colors_info=&#8221;{}&#8221; column_structure=&#8221;1_2,1_2&#8243;][et_pb_column type=&#8221;1_2&#8243; _builder_version=&#8221;4.16&#8243; custom_padding=&#8221;|||&#8221; global_colors_info=&#8221;{}&#8221; custom_padding__hover=&#8221;|||&#8221;][et_pb_text _builder_version=&#8221;4.24.0&#8243; hover_enabled=&#8221;0&#8243; global_colors_info=&#8221;{}&#8221; sticky_enabled=&#8221;0&#8243;]<\/p>\n<p>Compania Mixground OOD, \u00eenfiin\u021bat\u0103 la 23.03.2016, ofer\u0103 sporturi care absorb \u0219ocur<br \/>\u0219i podele decorative care acoper\u0103 standarde europene \u00eenalte la cel mai bun pre\u021b.<\/p>\n<p>Echipa noastr\u0103 are o vast\u0103 experien\u021b\u0103 \u0219i abilit\u0103\u021bi. Avem ambi\u021bii mari, de aceea<br \/>\u00eembun\u0103t\u0103\u021bim constant \u0219i progresiv echipa \u0219i modul nostru de lucru.<br \/>\u00cembun\u0103t\u0103\u021bim constant gama de produse \u0219i ne angaj\u0103m \u00een inova\u021bie.<br \/>Pentru ideile tale, vom g\u0103si f\u0103r\u0103 \u00eendoial\u0103 solu\u021biile potrivite!<\/p>\n<p>Clien\u021bii no\u0219tri sunt:<br \/>Companii implicate \u00een produc\u021bia de echipamente de parcare, facilit\u0103\u021bi pentru copii<br \/>Firme de constructii<br \/>S\u0103li de fitness \u0219i sport<br \/>Municipalit\u0103\u021bi \u0219i prim\u0103rii din toat\u0103 Bulgaria<\/p>\n<p>Serviciile de \u00eenalt\u0103 calitate \u0219i satisfac\u021bia clien\u021bilor sunt garantate!<br \/>Modul nostru de lucru se bazeaz\u0103 pe corectitudine, loialitate \u0219i integritate!<br \/>Alege \u201eMixground\u201d \u0219i vei ob\u021bine o calitate excelent\u0103 la un pre\u021b excelent!<\/p>\n<p>[\/et_pb_text][\/et_pb_column][et_pb_column type=&#8221;1_2&#8243; _builder_version=&#8221;4.16&#8243; custom_padding=&#8221;|||&#8221; global_colors_info=&#8221;{}&#8221; custom_padding__hover=&#8221;|||&#8221;][et_pb_image src=&#8221;https:\/\/www.mixflooring.com\/wp-content\/uploads\/2018\/08\/sertifikat.jpg&#8221; align_tablet=&#8221;center&#8221; align_last_edited=&#8221;on|desktop&#8221; _builder_version=&#8221;4.16&#8243; global_colors_info=&#8221;{}&#8221; align_phone=&#8221;center&#8221;]&nbsp;<br \/>\n[\/et_pb_image][\/et_pb_column][\/et_pb_row][et_pb_row _builder_version=&#8221;4.16&#8243; background_size=&#8221;initial&#8221; background_position=&#8221;top_left&#8221; background_repeat=&#8221;repeat&#8221; global_colors_info=&#8221;{}&#8221;][et_pb_column type=&#8221;4_4&#8243; _builder_version=&#8221;4.16&#8243; custom_padding=&#8221;|||&#8221; global_colors_info=&#8221;{}&#8221; custom_padding__hover=&#8221;|||&#8221;][et_pb_text _builder_version=&#8221;4.24.0&#8243; hover_enabled=&#8221;0&#8243; global_colors_info=&#8221;{}&#8221; sticky_enabled=&#8221;0&#8243;]<\/p>\n<h2>Despre produsele noastre<\/h2>\n<p>Produsele pe care le oferim au multe avantaje: sunt usor de intretinut, antiderapante, elastice, colorate, decorative si, cel mai important, nu trebuie reparate in fiecare an. Au un rezultat final unic, au o rezisten\u021b\u0103 ridicat\u0103 la uzur\u0103 \u0219i o absorb\u021bie a sunetului foarte bun\u0103. Suprafe\u021bele din cauciuc au propriet\u0103\u021bi superioare de joc \u0219i protejeaz\u0103 sportivii \u0219i copiii de r\u0103ni.<\/p>\n<p>Utilizarea produselor noastre v\u0103 va aduce extrem de multe avantaje. Datorit\u0103 pardoselilor oferite de noi, fie \u00een pl\u0103ci, fie autonivelante, rata de c\u0103dere este redus\u0103 drastic. Cu elasticitatea sa, \u0219ocurile rezultate din c\u0103dere sunt reduse la minimum. \u00cempiedic\u0103 alunecarea, asigur\u0103 izola\u021bie \u0219i impermeabilitate maxim\u0103 la zgomot \u0219i vibra\u021bii. Produsele noastre nu sunt afectate de schimb\u0103rile sezoniere \u0219i nu re\u021bin apa pe suprafa\u021ba lor.[\/et_pb_text][\/et_pb_column][\/et_pb_row][\/et_pb_section]<\/p>\n","protected":false},"excerpt":{"rendered":"<p>Mix Ground Bulgaria &#8211; Pardoseal\u0103 din cauciuc cu absorb\u021bie a \u0219ocurilorCompania Mixground OOD, \u00eenfiin\u021bat\u0103 la 23.03.2016, ofer\u0103 sporturi care absorb \u0219ocur\u0219i podele decorative care acoper\u0103 standarde europene \u00eenalte la cel mai bun pre\u021b. Echipa noastr\u0103 are o vast\u0103 experien\u021b\u0103 \u0219i abilit\u0103\u021bi. Avem ambi\u021bii mari, de aceea\u00eembun\u0103t\u0103\u021bim constant \u0219i progresiv echipa \u0219i modul nostru de lucru.\u00cembun\u0103t\u0103\u021bim [&hellip;]<\/p>\n","protected":false},"author":1,"featured_media":0,"parent":0,"menu_order":0,"comment_status":"closed","ping_status":"closed","template":"","meta":{"_et_pb_use_builder":"on","_et_pb_old_content":"","_et_gb_content_width":"","footnotes":""},"class_list":["post-1434","page","type-page","status-publish","hentry"],"aioseo_notices":[],"_links":{"self":[{"href":"https:\/\/www.mixflooring.com\/ro\/wp-json\/wp\/v2\/pages\/1434","targetHints":{"allow":["GET"]}}],"collection":[{"href":"https:\/\/www.mixflooring.com\/ro\/wp-json\/wp\/v2\/pages"}],"about":[{"href":"https:\/\/www.mixflooring.com\/ro\/wp-json\/wp\/v2\/types\/page"}],"author":[{"embeddable":true,"href":"https:\/\/www.mixflooring.com\/ro\/wp-json\/wp\/v2\/users\/1"}],"replies":[{"embeddable":true,"href":"https:\/\/www.mixflooring.com\/ro\/wp-json\/wp\/v2\/comments?post=1434"}],"version-history":[{"count":9,"href":"https:\/\/www.mixflooring.com\/ro\/wp-json\/wp\/v2\/pages\/1434\/revisions"}],"predecessor-version":[{"id":3157,"href":"https:\/\/www.mixflooring.com\/ro\/wp-json\/wp\/v2\/pages\/1434\/revisions\/3157"}],"wp:attachment":[{"href":"https:\/\/www.mixflooring.com\/ro\/wp-json\/wp\/v2\/media?parent=1434"}],"curies":[{"name":"wp","href":"https:\/\/api.w.org\/{rel}","templated":true}]}}