{"id":1436,"date":"2018-08-20T12:36:14","date_gmt":"2018-08-20T09:36:14","guid":{"rendered":"https:\/\/www.mixflooring.com\/kontakti\/"},"modified":"2024-02-28T10:55:52","modified_gmt":"2024-02-28T08:55:52","slug":"kontakti","status":"publish","type":"page","link":"https:\/\/www.mixflooring.com\/ro\/kontakti\/","title":{"rendered":"Contacte"},"content":{"rendered":"<p>[et_pb_section fb_built=&#8221;1&#8243; module_class=&#8221;contacts-wrap&#8221; _builder_version=&#8221;4.16&#8243; background_image=&#8221;https:\/\/www.mixflooring.com\/wp-content\/uploads\/2018\/08\/contact-us-banner.jpg&#8221; custom_padding=&#8221;73px|0px|114px|0px|false|false&#8221; global_colors_info=&#8221;{}&#8221;][et_pb_row _builder_version=&#8221;4.16&#8243; background_size=&#8221;initial&#8221; background_position=&#8221;top_left&#8221; background_repeat=&#8221;repeat&#8221; global_colors_info=&#8221;{}&#8221;][et_pb_column type=&#8221;4_4&#8243; _builder_version=&#8221;4.16&#8243; custom_padding=&#8221;|||&#8221; global_colors_info=&#8221;{}&#8221; custom_padding__hover=&#8221;|||&#8221;][et_pb_text _builder_version=&#8221;4.24.0&#8243; text_text_color=&#8221;#ffffff&#8221; header_text_color=&#8221;#ffffff&#8221; global_colors_info=&#8221;{}&#8221;]<\/p>\n<div class=\"kontakti-h1\">\n<h1>CONTACTE<\/h1>\n<\/div>\n<p>[\/et_pb_text][\/et_pb_column][\/et_pb_row][\/et_pb_section][et_pb_section fb_built=&#8221;1&#8243; _builder_version=&#8221;4.16&#8243; background_color=&#8221;#ededed&#8221; custom_padding=&#8221;0|0px|0|0px|false|false&#8221; global_colors_info=&#8221;{}&#8221;][et_pb_row column_structure=&#8221;1_3,1_3,1_3&#8243; _builder_version=&#8221;4.16&#8243; background_size=&#8221;initial&#8221; background_position=&#8221;top_left&#8221; background_repeat=&#8221;repeat&#8221; custom_padding=&#8221;21px|0px|9px|0px|false|false&#8221; global_colors_info=&#8221;{}&#8221;][et_pb_column type=&#8221;1_3&#8243; _builder_version=&#8221;4.16&#8243; custom_padding=&#8221;|||&#8221; global_colors_info=&#8221;{}&#8221; custom_padding__hover=&#8221;|||&#8221;][et_pb_text admin_label=&#8221;\u0410\u0414\u0420\u0415\u0421&#8221; _builder_version=&#8221;4.24.0&#8243; global_colors_info=&#8221;{}&#8221;]<\/p>\n<h3 style=\"text-align: center;\"><strong><span class=\"kontakti-modul-1 kontakti-modul\" style=\"background-size: 20px 25px;\">ADRESA<\/span><\/strong ><\/h3>\n<p style=\"text-align: center;\">gr. Ruse, Hipodrom, 7009<\/p>\n<p>[\/et_pb_text][\/et_pb_column][et_pb_column type=&#8221;1_3&#8243; _builder_version=&#8221;4.16&#8243; custom_padding=&#8221;|||&#8221; global_colors_info=&#8221;{}&#8221; custom_padding__hover=&#8221;|||&#8221;][et_pb_text admin_label=&#8221;\u0422\u0415\u041b\u0415\u0424\u041e\u041d\u0418&#8221; _builder_version=&#8221;4.24.0&#8243; hover_enabled=&#8221;0&#8243; global_colors_info=&#8221;{}&#8221; sticky_enabled=&#8221;0&#8243;]<\/p>\n<h3 style=\"text-align: center;\"><strong class=\"kontakti-modul-2 kontakti-modul\">TELEFONE<\/strong><\/h3>\n<p style=\"text-align: center;\"><img loading=\"lazy\" decoding=\"async\" src=\"\/wp-content\/uploads\/2024\/02\/flag.svg\" width=\"15\" height=\"15\" alt=\"\" class=\"wp-image-1495 alignnone size-medium\" \/> \u00a0 <a href=\"tel:+359889541919\">+359 889 54 19 19<\/a><\/p>\n<p>[\/et_pb_text][et_pb_text admin_label=&#8221;\u0422\u0415\u041b\u0415\u0424\u041e\u041d\u0418&#8221; _builder_version=&#8221;4.24.0&#8243; hover_enabled=&#8221;0&#8243; locked=&#8221;off&#8221; global_colors_info=&#8221;{}&#8221; sticky_enabled=&#8221;0&#8243;]<\/p>\n<p style=\"text-align: center;\"><img loading=\"lazy\" decoding=\"async\" src=\"https:\/\/www.mixflooring.com\/wp-content\/uploads\/2024\/02\/united-kingdom.svg\" width=\"15\" height=\"15\" alt=\"\" class=\"wp-image-1495 alignnone size-medium\" \/> \u00a0<a href=\"tel:+359886987822\">+359 886 98 78 22<\/a><\/p>\n<p>[\/et_pb_text][et_pb_text admin_label=&#8221;\u0422\u0415\u041b\u0415\u0424\u041e\u041d\u0418&#8221; _builder_version=&#8221;4.24.0&#8243; locked=&#8221;off&#8221; global_colors_info=&#8221;{}&#8221;]<\/p>\n<p style=\"text-align: center;\"><img loading=\"lazy\" decoding=\"async\" src=\"https:\/\/www.mixflooring.com\/wp-content\/uploads\/2024\/02\/romania.svg\" width=\"15\" height=\"15\" alt=\"\" class=\"wp-image-1499 alignnone size-medium\" \/>\u00a0 <a href=\"tel:+35920884298 01\">+359 884 29 80 01<\/a><\/p>\n<p>[\/et_pb_text][\/et_pb_column][et_pb_column type=&#8221;1_3&#8243; _builder_version=&#8221;4.16&#8243; custom_padding=&#8221;|||&#8221; global_colors_info=&#8221;{}&#8221; custom_padding__hover=&#8221;|||&#8221;][et_pb_text admin_label=&#8221;\u0415\u041b. \u041f\u041e\u0429\u0410&#8221; _builder_version=&#8221;4.24.0&#8243; global_colors_info=&#8221;{}&#8221;]<\/p>\n<h3 style=\"text-align: center;\"><strong class=\"kontakti-modul-3 kontakti-modul\">EMAIL. POSTA<\/strong><\/h3>\n<p style=\"text-align: center;\"><a href=\"mailto:mixground@abv.bg\">mixground@abv.bg<\/a><\/p>\n<p>[\/et_pb_text][\/et_pb_column][\/et_pb_row][\/et_pb_section][et_pb_section fb_built=&#8221;1&#8243; _builder_version=&#8221;4.16&#8243; custom_padding=&#8221;0|0px|54px|0px|false|false&#8221; global_colors_info=&#8221;{}&#8221;][et_pb_row _builder_version=&#8221;4.16&#8243; background_size=&#8221;initial&#8221; background_position=&#8221;top_left&#8221; background_repeat=&#8221;repeat&#8221; width=&#8221;100%&#8221; max_width=&#8221;100%&#8221; custom_padding=&#8221;0|0px|6px|0px|false|false&#8221; use_custom_width=&#8221;on&#8221; width_unit=&#8221;off&#8221; custom_width_percent=&#8221;100%&#8221; global_colors_info=&#8221;{}&#8221;][et_pb_column type=&#8221;4_4&#8243; _builder_version=&#8221;4.16&#8243; custom_padding=&#8221;|||&#8221; global_colors_info=&#8221;{}&#8221; custom_padding__hover=&#8221;|||&#8221;][et_pb_text _builder_version=&#8221;4.24.0&#8243; header_2_text_color=&#8221;#000000&#8243; header_3_text_color=&#8221;#ffffff&#8221; background_color=&#8221;#395469&#8243; custom_margin=&#8221;||8px|||&#8221; custom_padding=&#8221;10px|||&#8221; global_colors_info=&#8221;{}&#8221;]<\/p>\n<h3 style=\"text-align: center;\"><strong>Ave\u021bi \u00eentreb\u0103ri despre <a href=\"\/ro\/produkti\/\">produsul nostru<\/a>? <\/strong><\/h3>\n<p>[\/et_pb_text][et_pb_text _builder_version=&#8221;4.24.0&#8243; _module_preset=&#8221;default&#8221; text_orientation=&#8221;center&#8221; width=&#8221;60%&#8221; module_alignment=&#8221;center&#8221; global_colors_info=&#8221;{}&#8221;]<span>Dac\u0103 ave\u021bi \u00eentreb\u0103ri suplimentare despre pardoseli, instala\u021bii, servicii \u0219i orice altceva legat de activit\u0103\u021bile MIX GROUND OOD &#8211; nu ezita\u021bi s\u0103 ne contacta\u021bi. Vom r\u0103spunde la \u00eentreb\u0103rile dumneavoastr\u0103 c\u00e2t mai cur\u00e2nd posibil. Ne puteti contacta prin e-mail, la telefoanele indicate sau vizitati site-ul nostru fizic din orasul Ruse, unde veti primi cele mai detaliate informatii. Folosind formularul de contact, sunte\u021bi de acord cu politica noastr\u0103 de confiden\u021bialitate \u0219i cu utilizarea datelor dumneavoastr\u0103 personale. \u00cen cazul \u00een care nu r\u0103spundem la un apel telefonic, v\u0103 vom contacta \u00een cel mai scurt timp posibil. Echipa noastr\u0103 este disponibil\u0103 \u00een fiecare zi lucr\u0103toare, cu cererile de weekend sau de s\u0103rb\u0103tori procesate \u00een prima zi lucr\u0103toare a s\u0103pt\u0103m\u00e2nii. Folosind metodele de contact, pute\u021bi primi o ofert\u0103 individual\u0103 care se potrive\u0219te nevoilor \u0219i cerin\u021belor dumneavoastr\u0103. Vom incerca sa va oferim cele mai bune conditii posibile care sa indeplineasca toate detaliile legate de obiect si specificul acestuia. S\u0103 discut\u0103m \u00eempreun\u0103 despre proiectul t\u0103u. C\u0103uta\u021bi-ne acum!<\/span>[\/et_pb_text][\/et_pb_column][\/et_pb_row][et_pb_row column_structure=&#8221;1_2,1_2&#8243; _builder_version=&#8221;4.16&#8243; background_size=&#8221;initial&#8221; background_position=&#8221;top_left&#8221; background_repeat=&#8221;repeat&#8221; global_colors_info=&#8221;{}&#8221;][et_pb_column type=&#8221;1_2&#8243; _builder_version=&#8221;4.16&#8243; custom_padding=&#8221;|||&#8221; global_colors_info=&#8221;{}&#8221; custom_padding__hover=&#8221;|||&#8221;][et_pb_text _builder_version=&#8221;4.24.0&#8243; global_colors_info=&#8221;{}&#8221;]<\/p>\n<h4 style=\"text-align: center;\">Contacta\u021bi-ne online.<\/h4>\n<p>[\/et_pb_text][et_pb_code _builder_version=&#8221;4.24.0&#8243; global_colors_info=&#8221;{}&#8221;]\n<div class=\"wpcf7 no-js\" id=\"wpcf7-f1489-o1\" lang=\"ro-RO\" dir=\"ltr\" data-wpcf7-id=\"1489\">\n<div class=\"screen-reader-response\"><p role=\"status\" aria-live=\"polite\" aria-atomic=\"true\"><\/p> <ul><\/ul><\/div>\n<form action=\"\/ro\/wp-json\/wp\/v2\/pages\/1436#wpcf7-f1489-o1\" method=\"post\" class=\"wpcf7-form init\" aria-label=\"Formular de contact\" novalidate=\"novalidate\" data-status=\"init\">\n<fieldset class=\"hidden-fields-container\"><input type=\"hidden\" name=\"_wpcf7\" value=\"1489\" \/><input type=\"hidden\" name=\"_wpcf7_version\" value=\"6.1.5\" \/><input type=\"hidden\" name=\"_wpcf7_locale\" value=\"ro_RO\" \/><input type=\"hidden\" name=\"_wpcf7_unit_tag\" value=\"wpcf7-f1489-o1\" \/><input type=\"hidden\" name=\"_wpcf7_container_post\" value=\"0\" \/><input type=\"hidden\" name=\"_wpcf7_posted_data_hash\" value=\"\" \/>\n<\/fieldset>\n<p><label> Numele \u0219i prenumele<br \/>\n<span class=\"wpcf7-form-control-wrap\" data-name=\"your-name\"><input size=\"40\" maxlength=\"400\" class=\"wpcf7-form-control wpcf7-text wpcf7-validates-as-required\" aria-required=\"true\" aria-invalid=\"false\" value=\"\" type=\"text\" name=\"your-name\" \/><\/span> <\/label>\n<\/p>\n<p><label> E-mail<br \/>\n<span class=\"wpcf7-form-control-wrap\" data-name=\"your-email\"><input size=\"40\" maxlength=\"400\" class=\"wpcf7-form-control wpcf7-email wpcf7-validates-as-required wpcf7-text wpcf7-validates-as-email\" aria-required=\"true\" aria-invalid=\"false\" value=\"\" type=\"email\" name=\"your-email\" \/><\/span> <\/label>\n<\/p>\n<p><label> Telefon<br \/>\n<span class=\"wpcf7-form-control-wrap\" data-name=\"tel-992\"><input size=\"40\" maxlength=\"400\" class=\"wpcf7-form-control wpcf7-tel wpcf7-text wpcf7-validates-as-tel\" aria-invalid=\"false\" value=\"\" type=\"tel\" name=\"tel-992\" \/><\/span> <\/label>\n<\/p>\n<p><label> Mesaj<br \/>\n<span class=\"wpcf7-form-control-wrap\" data-name=\"your-message\"><textarea cols=\"40\" rows=\"10\" maxlength=\"2000\" class=\"wpcf7-form-control wpcf7-textarea\" aria-invalid=\"false\" name=\"your-message\"><\/textarea><\/span> <\/label>\n<\/p>\n<div class=\"izprati\">\n\t<div class=\"contact-form-gdpr\">\n\t\t<p>Sunt de acord ca Mixflooring.com s\u0103-mi foloseasc\u0103 datele personale pentru a procesa cererea \u00een conformitate cu termenii \u0219i condi\u021biile \u0219i <a href=\"\/ro\/politika-za-poveritelnost\">Politica de confiden\u021bialitate<\/a>.\n\t\t<\/p>\n\t<\/div>\n\t<p><input class=\"wpcf7-form-control wpcf7-submit has-spinner\" type=\"submit\" value=\"Trimite\" \/>\n\t<\/p>\n<\/div><div class=\"wpcf7-response-output\" aria-hidden=\"true\"><\/div>\n<\/form>\n<\/div>\n[\/et_pb_code][\/et_pb_column][et_pb_column type=&#8221;1_2&#8243; _builder_version=&#8221;4.16&#8243; custom_padding=&#8221;|||&#8221; global_colors_info=&#8221;{}&#8221; custom_padding__hover=&#8221;|||&#8221;][et_pb_text _builder_version=&#8221;4.24.0&#8243; global_colors_info=&#8221;{}&#8221;]<\/p>\n<h4 style=\"text-align: center;\"><strong>Vizita\u021bi-ne la adresa noastr\u0103.<\/strong><\/h4>\n<p>[\/et_pb_text][et_pb_code _builder_version=&#8221;4.24.0&#8243; global_colors_info=&#8221;{}&#8221;]<iframe loading=\"lazy\" src=\"https:\/\/www.google.com\/maps\/embed?pb=!1m18!1m12!1m3!1d11508.106773756273!2d26.02922210000001!3d43.855275400000004!2m3!1f0!2f0!3f0!3m2!1i1024!2i768!4f13.1!3m3!1m2!1s0x0%3A0xae9cadf003f66f6c!2z0JzQldCi0JDQm9Cf0JvQkNCh0KIg0JjQndCW0JXQndCV0KDQmNCd0JM!5e0!3m2!1sbg!2sbg!4v1536738939025\" width=\"1000\" height=\"335\" frameborder=\"0\" style=\"border:0\" allowfullscreen><\/iframe><!-- [et_pb_line_break_holder] --><\/p>\n<div class=\"gps-cordinats\">Coordonatele GPS: N 43.856869, E 26.030874<\/div>\n<div class=\"direction-icon-tmp\"><a target=\"blank\" href=\"https:\/\/www.google.bg\/maps\/dir\/43.8493563,25.9525916\/%D0%9C%D0%95%D0%A2%D0%90%D0%9B%D0%9F%D0%9B%D0%90%D0%A1%D0%A2+%D0%98%D0%9D%D0%96%D0%95%D0%9D%D0%95%D0%A0%D0%98%D0%9D%D0%93,+%D0%A0%D1%83%D1%81%D0%B5,+%D0%A5%D0%B8%D0%BF%D0%BE%D0%B4%D1%80%D1%83%D0%BC%D0%B0,+7009+%D0%A0%D1%83%D1%81%D0%B5\/@43.8574138,25.9607126,13z\/data=!3m1!4b1!4m16!1m6!3m5!1s0x0:0xae9cadf003f66f6c!2z0JzQldCi0JDQm9Cf0JvQkNCh0KIg0JjQndCW0JXQndCV0KDQmNCd0JM!8m2!3d43.8565582!4d26.0309256!4m8!1m1!4e1!1m5!1m1!1s0x40ae60c5e60bcd25:0xae9cadf003f66f6c!2m2!1d26.0309256!2d43.8565582\" rel=\"noopener\">INSTRUC\u021aIUNE<\/a><\/div>\n<p>[\/et_pb_code][et_pb_text _builder_version=&#8221;4.24.0&#8243; _module_preset=&#8221;default&#8221; global_colors_info=&#8221;{}&#8221;]MIXGROUND OOD, Ruse, zona Hipodrom.[\/et_pb_text][\/et_pb_column][\/et_pb_row][\/et_pb_section]<\/p>\n","protected":false},"excerpt":{"rendered":"<p>CONTACTE ADRESA gr. Ruse, Hipodrom, 7009TELEFONE \u00a0 +359 889 54 19 19 \u00a0+359 886 98 78 22\u00a0 +359 884 29 80 01EMAIL. POSTA mixground@abv.bgAve\u021bi \u00eentreb\u0103ri despre produsul nostru? Dac\u0103 ave\u021bi \u00eentreb\u0103ri suplimentare despre pardoseli, instala\u021bii, servicii \u0219i orice altceva legat de activit\u0103\u021bile MIX GROUND OOD &#8211; nu ezita\u021bi s\u0103 ne contacta\u021bi. Vom r\u0103spunde la \u00eentreb\u0103rile [&hellip;]<\/p>\n","protected":false},"author":1,"featured_media":0,"parent":0,"menu_order":0,"comment_status":"closed","ping_status":"closed","template":"","meta":{"_et_pb_use_builder":"on","_et_pb_old_content":"","_et_gb_content_width":"","footnotes":""},"class_list":["post-1436","page","type-page","status-publish","hentry"],"aioseo_notices":[],"_links":{"self":[{"href":"https:\/\/www.mixflooring.com\/ro\/wp-json\/wp\/v2\/pages\/1436","targetHints":{"allow":["GET"]}}],"collection":[{"href":"https:\/\/www.mixflooring.com\/ro\/wp-json\/wp\/v2\/pages"}],"about":[{"href":"https:\/\/www.mixflooring.com\/ro\/wp-json\/wp\/v2\/types\/page"}],"author":[{"embeddable":true,"href":"https:\/\/www.mixflooring.com\/ro\/wp-json\/wp\/v2\/users\/1"}],"replies":[{"embeddable":true,"href":"https:\/\/www.mixflooring.com\/ro\/wp-json\/wp\/v2\/comments?post=1436"}],"version-history":[{"count":8,"href":"https:\/\/www.mixflooring.com\/ro\/wp-json\/wp\/v2\/pages\/1436\/revisions"}],"predecessor-version":[{"id":1510,"href":"https:\/\/www.mixflooring.com\/ro\/wp-json\/wp\/v2\/pages\/1436\/revisions\/1510"}],"wp:attachment":[{"href":"https:\/\/www.mixflooring.com\/ro\/wp-json\/wp\/v2\/media?parent=1436"}],"curies":[{"name":"wp","href":"https:\/\/api.w.org\/{rel}","templated":true}]}}