{"id":1447,"date":"2018-10-18T10:51:56","date_gmt":"2018-10-18T07:51:56","guid":{"rendered":"https:\/\/www.mixflooring.com\/cookie-policy\/"},"modified":"2024-02-21T18:33:10","modified_gmt":"2024-02-21T16:33:10","slug":"cookie-policy","status":"publish","type":"page","link":"https:\/\/www.mixflooring.com\/ro\/cookie-policy\/","title":{"rendered":"Politica cookie"},"content":{"rendered":"<p>[et_pb_section fb_built=&#8221;1&#8243; _builder_version=&#8221;4.16&#8243; global_colors_info=&#8221;{}&#8221;][et_pb_row _builder_version=&#8221;4.16&#8243; background_size=&#8221;initial&#8221; background_position=&#8221;top_left&#8221; background_repeat=&#8221;repeat&#8221; global_colors_info=&#8221;{}&#8221;][et_pb_column type=&#8221;4_4&#8243; _builder_version=&#8221;4.16&#8243; custom_padding=&#8221;|||&#8221; global_colors_info=&#8221;{}&#8221; custom_padding__hover=&#8221;|||&#8221;][et_pb_text _builder_version=&#8221;4.24.0&#8243; hover_enabled=&#8221;0&#8243; global_colors_info=&#8221;{}&#8221; sticky_enabled=&#8221;0&#8243;]<\/p>\n<h1 style=\"padding-bottom: 50px; font-size: 35px; text-align: center; font-weight: bold; color: #366;\">Politica privind cookie-urile<\/h1>\n<h2 style=\"font-weight: bold;\">CE SUNT \u201eCOOKIES-urile\u201d?<\/h2>\n<p>Un \u201ecookie\u201d este un fi\u0219ier foarte mic care con\u021bine date care sunt stocate \u00een browserul web al computerului dvs. atunci c\u00e2nd sunt vizitate anumite pagini web. Prin el \u00eensu\u0219i, cookie-ul nu con\u021bine \u0219i nu colecteaz\u0103 informa\u021bii, cu excep\u021bia cazului \u00een care este citit de un server printr-un browser web; poate furniza informatii in vederea realizarii unui serviciu mai convenabil pentru utilizator prin inregistrarea, impreuna cu alte date, a preferintelor utilizatorului, prin identificarea erorilor si\/sau colectarea datelor in scopuri statistice. \u201eCookie-ul\u201d nu va dauna computerului dumneavoastra, \u0219i ca urmare a utiliz\u0103rii site-ului nu sunt stocate date personale. Utilizarea complet\u0103 a site-ului nostru necesit\u0103 instalarea de cookie-uri. \u00cen cazul \u00een care dori\u021bi s\u0103 dezactiva\u021bi oricare dintre cookie-urile instalate, este posibil s\u0103 pute\u021bi naviga \u00een continuare pe site, dar anumite func\u021bii ale site-ului pot fi dezactivate. \u00cen majoritatea browserelor web (de exemplu, Internet Explorer, Mozilla Firefox, Safari \u0219i Google Chrome), func\u021bia de instalare a cookie-urilor este activat\u0103 automat. Schimb\u00e2nd set\u0103rile implicite ale browserului pe care \u00eel utiliza\u021bi, pute\u021bi determina dac\u0103 \u0219i \u00een ce m\u0103sur\u0103 permite\u021bi cookie-urilor s\u0103 v\u0103 acceseze computerul. \u00cen Gestionarea modulelor cookie, pute\u021bi afla cum s\u0103 verifica\u021bi \u0219i s\u0103 modifica\u021bi preferin\u021bele dumneavoastr\u0103 privind modulele cookie. V\u0103 rug\u0103m s\u0103 re\u021bine\u021bi c\u0103, dac\u0103 nu face\u021bi nicio modificare, aceasta \u00eenseamn\u0103 c\u0103 accepta\u021bi set\u0103rile implicite ale browserului \u0219i sunte\u021bi de acord cu activarea func\u021biilor cookie. \u00cen cazul \u00een care nu sunte\u021bi de acord, v\u0103 rug\u0103m s\u0103 modifica\u021bi set\u0103rile browserului \u0219i s\u0103 limita\u021bi sau s\u0103 elimina\u021bi func\u021bia de instalare a cookie-urilor.<\/p>\n<p>Aceste informa\u021bii sunt agregate \u0219i furnizate \u00een leg\u0103tur\u0103 cu eforturile noastre de a respecta cerin\u021bele celor mai recente reglement\u0103ri legale \u0219i de a ne asigura c\u0103 suntem deschi\u0219i, one\u0219ti \u0219i clari cu privire la confiden\u021bialitatea datelor utilizatorilor.<\/p>\n<h2 style=\"font-weight: bold;\">CUM UTILIZAM COOKIE-urile<\/h2>\n<p>C\u00e2nd vizita\u021bi acest site, pute\u021bi detecta prezen\u021ba diferitelor tipuri de cookie-uri care sunt generate. Folosim trei tipuri de cookie-uri:<\/p>\n<p>Cookie-uri de sesiune, care sunt \u0219terse automat dup\u0103 fiecare vizit\u0103.<\/p>\n<p>Cookie-uri persistente care sunt salvate \u00een timpul vizitelor repetate pe site.<\/p>\n<p>\u201eCookie-uri\u201d ter\u021b\u0103 parte care sunt utilizate de site-urile web partenere care sunt \u00eencorporate pe site-ul nostru sau c\u0103tre care am furnizat link-uri.<\/p>\n<h2 style=\"font-weight: bold;\">COOKIES DE SESIUNE<\/h2>\n<p>Acestea v\u0103 permit s\u0103 efectua\u021bi func\u021bii importante ale site-ului, cum ar fi salvarea unui c\u00e2mp de formular recurent \u00eentr-o singur\u0103 sesiune de browser. \u00cen plus, ajut\u0103 la limitarea nevoii de a transfera informa\u021bii pe internet. Acestea nu sunt stocate pe computerul dvs. \u0219i sunt \u0219terse atunci c\u00e2nd \u00eenchide\u021bi sesiunea de browser.<\/p>\n<h2 style=\"font-weight: bold;\">COOKIE PERMANENTE<\/h2>\n<p>Acestea ne permit s\u0103 recunoa\u0219tem utilizatorii anonimi repeta\u021bi ai site-ului nostru. Prin compararea acestuia cu un identificator anonim, generat aleatoriu, se poate face o \u00eenregistrare a informa\u021biilor specifice de navigare, cum ar fi modul \u00een care a\u021bi ajuns pe site, ce pagini a\u021bi vizualizat, ce op\u021biuni a\u021bi selectat \u0219i unde a\u021bi accesat site-ul respectiv. Urm\u0103rirea acestor informa\u021bii ne permite s\u0103 aducem \u00eembun\u0103t\u0103\u021biri site-ului, inclusiv corectarea erorilor \u0219i extinderea con\u021binutului.<\/p>\n<p>Pentru a analiza utilizarea paginii, comunicarea cu pagina \u0219i rutele de navigare alese prin site-urile noastre folosim Google Analytics. Nu \u00eenregistr\u0103m nicio informa\u021bie personal\u0103 ca parte a acestui proces.<\/p>\n<h2 style=\"font-weight: bold;\">COOKIE DE LA TER\u021aI P\u0102R\u021aI<\/h2>\n<p>C\u00e2nd vizita\u021bi site-ul nostru, este posibil s\u0103 observa\u021bi cookie-uri de la ter\u021bi. Dac\u0103 accesa\u021bi o pagin\u0103 web care are con\u021binut \u00eencorporat, de exemplu de pe Facebook sau YouTube, vi se pot trimite cookie-uri de pe aceste site-uri web. Nu control\u0103m generarea acestor cookie-uri \u0219i, prin urmare, v\u0103 sf\u0103tuim s\u0103 c\u0103uta\u021bi informa\u021bii despre ele \u0219i despre modul \u00een care sunt gestionate pe site-urile ter\u021belor respective.<\/p>\n<h2 style=\"font-weight: bold;\">GESTIONA\u021aI, DEZACTIVAZ\u0102 SAU BLOCA\u021aI COOKIE-urile<\/h2>\n<p>\u00cen cazul \u00een care nu cunoa\u0219te\u021bi tipul \u0219i versiunea browserului de internet pe care \u00eel utiliza\u021bi pentru a accesa Internetul, face\u021bi clic pe meniul \u201eAjutor\u201d din partea de sus a ferestrei browserului \u0219i apoi face\u021bi clic pe \u201eDespre\u201d, care va afi\u0219a pe cel pe care \u00eel c\u0103uta\u021bi. pentru informa\u021bii.<\/p>\n<p>Internet Explorer<\/p>\n<p>Microsoft Internet Explorer 6.0, 7.0, 8.0<\/p>\n<p>Face\u021bi clic pe op\u021biunea \u201eInstrumente\u201d din partea de sus a ferestrei browserului dvs., selecta\u021bi Selecta\u021bi \u201eOp\u021biuni Internet\u201d \u0219i apoi face\u021bi clic pe \u201eConfiden\u021bialitate\u201d. Verifica\u021bi dac\u0103 nivelul de confiden\u021bialitate este setat la Mediu sau mai mic. Cu aceast\u0103 setare, cookie-urile sunt activate \u00een browserul dumneavoastr\u0103. C\u00e2nd seta\u021bi set\u0103ri pentru un nivel peste \u201eMediu\u201d, cookie-urile sunt blocate.<\/p>\n<h2 style=\"font-weight: bold;\">Google Chrome (cea mai recent\u0103 versiune)<\/h2>\n<p>Face\u021bi clic pe pictograma cheie din partea dreapt\u0103 sus a ferestrei browserului \u0219i selecta\u021bi \u201eSet\u0103ri\u201d. Face\u021bi clic pe \u201eAfi\u0219a\u021bi set\u0103rile avansate\u201d \u00een partea de jos \u0219i plasa\u021bi cursorul peste sec\u021biunea \u201eConfiden\u021bialitate\u201d. Face\u021bi clic pe \u201eSet\u0103ri de con\u021binut\u201d \u0219i, \u00een sec\u021biunea de cookie-uri, selecta\u021bi \u201epermite\u021bi setarea datelor locale\u201d pentru a permite utilizarea cookie-urilor. Pentru a dezactiva cookie-urile, activa\u021bi op\u021biunile \u201eBloca\u021bi site-urile de la setarea oric\u0103ror date\u201d, \u201eBloca\u021bi cookie-urile ter\u021be \u0219i datele site-urilor\u201d site-uri ter\u021be) \u0219i \u201e\u0218terge\u021bi cookie-urile \u0219i alte date de site \u0219i plug-in c\u00e2nd \u00eenchid browserul\u201d.<\/p>\n<h2 style=\"font-weight: bold;\">Mozilla Firefox<\/h2>\n<p>Face\u021bi clic pe \u201eInstrumente\u201d \u00een partea de sus a ferestrei browserului \u0219i selecta\u021bi \u201eOp\u021biuni\u201d. Apoi selecta\u021bi pictograma de confiden\u021bialitate \u201eConfiden\u021bialitate\u201d din meniul care apare. Bifa\u021bi op\u021biunea \u201eAccept cookie-uri de pe site-uri\u201d pentru a activa cookie-urile. Dac\u0103 dori\u021bi s\u0103 dezactiva\u021bi cookie-urile, debifa\u021bi aceast\u0103 caset\u0103.<\/p>\n<h2 style=\"font-weight: bold;\">Safari<\/h2>\n<p>Face\u021bi clic pe pictograma roat\u0103 situat\u0103 \u00een partea dreapt\u0103 sus a ferestrei browserului \u0219i selecta\u021bi \u201ePreferin\u021be\u201d. Face\u021bi clic pe pictograma \u201eConfiden\u021bialitate\u201d din meniul care apare. Bifa\u021bi op\u021biunea \u201eBloca\u021bi cookie-urile ter\u021b\u0103 parte \u0219i de publicitate\u201d. \u00cen cazul \u00een care dori\u021bi s\u0103 dezactiva\u021bi complet cookie-urile, bifa\u021bi caseta \u201eNiciodat\u0103\u201d.[\/et_pb_text][\/et_pb_column][\/et_pb_row][\/et_pb_section]<\/p>\n","protected":false},"excerpt":{"rendered":"<p>Politica privind cookie-urile CE SUNT \u201eCOOKIES-urile\u201d? Un \u201ecookie\u201d este un fi\u0219ier foarte mic care con\u021bine date care sunt stocate \u00een browserul web al computerului dvs. atunci c\u00e2nd sunt vizitate anumite pagini web. Prin el \u00eensu\u0219i, cookie-ul nu con\u021bine \u0219i nu colecteaz\u0103 informa\u021bii, cu excep\u021bia cazului \u00een care este citit de un server printr-un browser web; [&hellip;]<\/p>\n","protected":false},"author":1,"featured_media":0,"parent":0,"menu_order":0,"comment_status":"closed","ping_status":"closed","template":"","meta":{"_et_pb_use_builder":"on","_et_pb_old_content":"","_et_gb_content_width":"","footnotes":""},"class_list":["post-1447","page","type-page","status-publish","hentry"],"aioseo_notices":[],"_links":{"self":[{"href":"https:\/\/www.mixflooring.com\/ro\/wp-json\/wp\/v2\/pages\/1447","targetHints":{"allow":["GET"]}}],"collection":[{"href":"https:\/\/www.mixflooring.com\/ro\/wp-json\/wp\/v2\/pages"}],"about":[{"href":"https:\/\/www.mixflooring.com\/ro\/wp-json\/wp\/v2\/types\/page"}],"author":[{"embeddable":true,"href":"https:\/\/www.mixflooring.com\/ro\/wp-json\/wp\/v2\/users\/1"}],"replies":[{"embeddable":true,"href":"https:\/\/www.mixflooring.com\/ro\/wp-json\/wp\/v2\/comments?post=1447"}],"version-history":[{"count":3,"href":"https:\/\/www.mixflooring.com\/ro\/wp-json\/wp\/v2\/pages\/1447\/revisions"}],"predecessor-version":[{"id":1457,"href":"https:\/\/www.mixflooring.com\/ro\/wp-json\/wp\/v2\/pages\/1447\/revisions\/1457"}],"wp:attachment":[{"href":"https:\/\/www.mixflooring.com\/ro\/wp-json\/wp\/v2\/media?parent=1447"}],"curies":[{"name":"wp","href":"https:\/\/api.w.org\/{rel}","templated":true}]}}