{"id":1449,"date":"2020-06-09T16:14:50","date_gmt":"2020-06-09T13:14:50","guid":{"rendered":"https:\/\/www.mixflooring.com\/politika-za-poveritelnost\/"},"modified":"2025-02-11T03:20:53","modified_gmt":"2025-02-11T01:20:53","slug":"politika-za-poveritelnost-2","status":"publish","type":"page","link":"https:\/\/www.mixflooring.com\/ro\/politika-za-poveritelnost-2\/","title":{"rendered":"Politica de confiden\u021bialitate"},"content":{"rendered":"<p>[et_pb_section fb_built=&#8220;1&#8243; _builder_version=&#8220;4.16&#8243; global_colors_info=&#8220;{}&#8220;][et_pb_row _builder_version=&#8220;4.16&#8243; background_size=&#8220;initial&#8220; background_position=&#8220;top_left&#8220; background_repeat=&#8220;repeat&#8220; global_colors_info=&#8220;{}&#8220;][et_pb_column type=&#8220;4_4&#8243; _builder_version=&#8220;4.16&#8243; custom_padding=&#8220;|||&#8220; global_colors_info=&#8220;{}&#8220; custom_padding__hover=&#8220;|||&#8220;][et_pb_text _builder_version=&#8220;4.24.0&#8243; hover_enabled=&#8220;0&#8243; global_colors_info=&#8220;{}&#8220; sticky_enabled=&#8220;0&#8243;]<\/p>\n<h1 class=\"entry-title main_title\">Politica de confiden\u021bialitate<\/h1>\n<div class=\"entry-content\">\n<h2>Despre noi<\/h2>\n<p>Adresa site-ului nostru: <a href=\"https:\/\/mixflooring.com\">https:\/\/mixflooring.com<\/a><\/p>\n<p>Citi\u021bi politica noastr\u0103 de confiden\u021bialitate pentru a fi informat despre informa\u021biile pe care le colect\u0103m despre dvs. \u0219i din ce motiv. \u00cen cazul \u00een care ave\u021bi \u00eentreb\u0103ri suplimentare, ne pute\u021bi contacta folosind sec\u021biunea de contact. \u041c\u043e\u0436\u0435 \u043b\u0438 \u0432\u0438\u0441\u043e\u043a\u0438\u044f\u0442 \u0445\u043e\u043b\u0435\u0441\u0442\u0435\u0440\u043e\u043b \u0434\u0430 \u043f\u0440\u0438\u0447\u0438\u043d\u0438 \u0435\u0440\u0435\u043a\u0442\u0438\u043b\u043d\u0430 \u0434\u0438\u0441\u0444\u0443\u043d\u043a\u0446\u0438\u044f, \u043a\u043e\u0435\u0442\u043e \u0434\u0430 \u0438\u043c\u0430 \u0437\u043d\u0430\u0447\u0438\u0442\u0435\u043b\u043d\u0438 \u043f\u043e\u0441\u043b\u0435\u0434\u0438\u0446\u0438 \u0437\u0430 \u0437\u0434\u0440\u0430\u0432\u0435\u0442\u043e \u043d\u0430 \u043c\u044a\u0436\u0435\u0442\u0435, \u043f\u043e\u0442\u0435\u043d\u0446\u0438\u0430\u043b\u043d\u043e \u0432\u043e\u0434\u0435\u0449\u043e \u0434\u043e \u0441\u044a\u0434\u043e\u0432\u0438 \u0443\u0441\u043b\u043e\u0436\u043d\u0435\u043d\u0438\u044f. \u0418\u0437\u0441\u043b\u0435\u0434\u0432\u0430\u043d\u0438\u044f\u0442\u0430 \u043f\u043e\u043a\u0430\u0437\u0432\u0430\u0442, \u0447\u0435 \u0442\u043e\u0432\u0430 \u043d\u0430\u0440\u0443\u0448\u0435\u043d\u0438\u0435 \u043d\u0430 \u043b\u0438\u043f\u0438\u0434\u0438\u0442\u0435 \u0437\u0430\u0441\u044f\u0433\u0430 \u043a\u0440\u044a\u0432\u043d\u0438\u044f \u043f\u043e\u0442\u043e\u043a, \u0432\u044a\u0437\u043f\u0440\u0435\u043f\u044f\u0442\u0441\u0442\u0432\u0430\u0439\u043a\u0438 \u0430\u0440\u0442\u0435\u0440\u0438\u0438\u0442\u0435 \u043d\u0430 \u043f\u0435\u043d\u0438\u0441\u0430, \u043a\u0430\u043a\u0442\u043e \u0435 \u043e\u043f\u0438\u0441\u0430\u043d\u043e \u0442\u0443\u043a <a  href=\"https:\/\/surgerycenterftcollins.com\" style=\"color: #474B4D;\">Surgerycenterftcollins.com<\/a> \u0415\u0444\u0435\u043a\u0442\u0438\u0432\u043d\u043e\u0442\u043e \u0443\u043f\u0440\u0430\u0432\u043b\u0435\u043d\u0438\u0435 \u0447\u0440\u0435\u0437 \u0434\u0438\u0435\u0442\u0430 \u0438 \u043b\u0435\u043a\u0430\u0440\u0441\u0442\u0432\u0430 \u0435 \u043e\u0442 \u0440\u0435\u0448\u0430\u0432\u0430\u0449\u043e \u0437\u043d\u0430\u0447\u0435\u043d\u0438\u0435 \u0437\u0430 \u0441\u043c\u0435\u043a\u0447\u0430\u0432\u0430\u043d\u0435 \u043d\u0430 \u0442\u0435\u0437\u0438 \u0440\u0438\u0441\u043a\u043e\u0432\u0435. \u0421\u043f\u0440\u0430\u0432\u044f\u043d\u0435\u0442\u043e \u0441 \u043d\u0438\u0432\u0430\u0442\u0430 \u043d\u0430 \u0445\u043e\u043b\u0435\u0441\u0442\u0435\u0440\u043e\u043b\u0430 \u0431\u044a\u0440\u0437\u043e \u043d\u0430\u043c\u0430\u043b\u044f\u0432\u0430 \u0432\u0435\u0440\u043e\u044f\u0442\u043d\u043e\u0441\u0442\u0442\u0430 \u043e\u0442 \u0435\u0440\u0435\u043a\u0442\u0438\u043b\u043d\u0430 \u0434\u0438\u0441\u0444\u0443\u043d\u043a\u0446\u0438\u044f, \u043f\u043e\u0434\u043e\u0431\u0440\u044f\u0432\u0430\u0439\u043a\u0438 \u0446\u044f\u043b\u043e\u0441\u0442\u043d\u043e\u0442\u043e \u0437\u0434\u0440\u0430\u0432\u0435. R\u0103m\u00e2nem disponibili pentru \u00eentreb\u0103ri suplimentare.<\/p>\n<h2>Ce date personale colect\u0103m \u0219i de ce<\/h2>\n<h3>Formulare de contact \u0219i cerere online<\/h3>\n<p>Colect\u0103m datele dumneavoastr\u0103 personale din formularul nostru de contact, astfel \u00eenc\u00e2t s\u0103 v\u0103 putem contacta \u0219i s\u0103 v\u0103 oferim o consulta\u021bie \u0219i o cota\u021bie gratuite. Datele pe care le colect\u0103m sunt:<\/p>\n<ul>\n<li>Nume;<\/li>\n<li>E-mail;<\/li>\n<li>Telefon;<\/li>\n<\/ul>\n<h3>Cookie-uri<\/h3>\n<p>Dac\u0103 completa\u021bi formularul de contact cu datele dumneavoastr\u0103 personale, pute\u021bi permite ca numele, adresa de e-mail \u0219i site-ul dvs. web s\u0103 fie salvate \u00een cookie-uri. Acestea sunt pentru confortul dvs., astfel \u00eenc\u00e2t s\u0103 nu trebuie s\u0103 v\u0103 reintroduce\u021bi detaliile c\u00e2nd l\u0103sa\u021bi un alt comentariu. Aceste cookie-uri vor fi p\u0103strate timp de un an.<\/p>\n<h2>C\u00e2t timp p\u0103str\u0103m datele dvs. personale<\/h2>\n<p>Dac\u0103 completa\u021bi oricare dintre formularele noastre de solicitare, datele din acestea sunt stocate pe termen nelimitat.<\/p>\n<h2>Drepturile dvs. asupra datelor dvs. personale<\/h2>\n<p>Dac\u0103 a\u021bi completat unul dintre formularele de solicitare, pute\u021bi solicita primirea unui fi\u0219ier care s\u0103 con\u021bin\u0103 toate datele pe care le de\u021binem despre dumneavoastr\u0103, inclusiv datele pe care ni le-a\u021bi furnizat. De asemenea, pute\u021bi solicita s\u0103 \u0219tergem datele personale pe care le de\u021binem despre dumneavoastr\u0103. Totu\u0219i, acestea nu includ datele pe care suntem obliga\u021bi s\u0103 le stoc\u0103m \u00een scopuri administrative, \u00een scopuri de securitate a site-ului sau prin lege.<\/p>\n<\/div>\n<p>[\/et_pb_text][\/et_pb_column][\/et_pb_row][\/et_pb_section]<\/p>\n","protected":false},"excerpt":{"rendered":"<p>Politica de confiden\u021bialitate Despre noi Adresa site-ului nostru: https:\/\/mixflooring.com Citi\u021bi politica noastr\u0103 de confiden\u021bialitate pentru a fi informat despre informa\u021biile pe care le colect\u0103m despre dvs. \u0219i din ce motiv. \u00cen cazul \u00een care ave\u021bi \u00eentreb\u0103ri suplimentare, ne pute\u021bi contacta folosind sec\u021biunea de contact. \u041c\u043e\u0436\u0435 \u043b\u0438 \u0432\u0438\u0441\u043e\u043a\u0438\u044f\u0442 \u0445\u043e\u043b\u0435\u0441\u0442\u0435\u0440\u043e\u043b \u0434\u0430 \u043f\u0440\u0438\u0447\u0438\u043d\u0438 \u0435\u0440\u0435\u043a\u0442\u0438\u043b\u043d\u0430 \u0434\u0438\u0441\u0444\u0443\u043d\u043a\u0446\u0438\u044f, \u043a\u043e\u0435\u0442\u043e \u0434\u0430 \u0438\u043c\u0430 [&hellip;]<\/p>\n","protected":false},"author":1,"featured_media":0,"parent":0,"menu_order":0,"comment_status":"closed","ping_status":"closed","template":"","meta":{"_et_pb_use_builder":"on","_et_pb_old_content":"","_et_gb_content_width":"","footnotes":""},"class_list":["post-1449","page","type-page","status-publish","hentry"],"aioseo_notices":[],"_links":{"self":[{"href":"https:\/\/www.mixflooring.com\/ro\/wp-json\/wp\/v2\/pages\/1449","targetHints":{"allow":["GET"]}}],"collection":[{"href":"https:\/\/www.mixflooring.com\/ro\/wp-json\/wp\/v2\/pages"}],"about":[{"href":"https:\/\/www.mixflooring.com\/ro\/wp-json\/wp\/v2\/types\/page"}],"author":[{"embeddable":true,"href":"https:\/\/www.mixflooring.com\/ro\/wp-json\/wp\/v2\/users\/1"}],"replies":[{"embeddable":true,"href":"https:\/\/www.mixflooring.com\/ro\/wp-json\/wp\/v2\/comments?post=1449"}],"version-history":[{"count":4,"href":"https:\/\/www.mixflooring.com\/ro\/wp-json\/wp\/v2\/pages\/1449\/revisions"}],"predecessor-version":[{"id":2954,"href":"https:\/\/www.mixflooring.com\/ro\/wp-json\/wp\/v2\/pages\/1449\/revisions\/2954"}],"wp:attachment":[{"href":"https:\/\/www.mixflooring.com\/ro\/wp-json\/wp\/v2\/media?parent=1449"}],"curies":[{"name":"wp","href":"https:\/\/api.w.org\/{rel}","templated":true}]}}